{"id":3349,"date":"2021-03-03T10:48:30","date_gmt":"2021-03-03T10:48:30","guid":{"rendered":"https:\/\/www.piedemonte.com\/cookies\/"},"modified":"2023-07-20T10:42:44","modified_gmt":"2023-07-20T10:42:44","slug":"cookies","status":"publish","type":"page","link":"https:\/\/www.piedemonte.com\/en\/cookies\/","title":{"rendered":"Cookies"},"content":{"rendered":"\t\t<div data-elementor-type=\"wp-page\" data-elementor-id=\"3349\" class=\"elementor elementor-3349 elementor-2822\" data-elementor-post-type=\"page\">\n\t\t\t\t\t\t<section class=\"elementor-section elementor-top-section elementor-element elementor-element-1f22e689 elementor-section-boxed elementor-section-height-default elementor-section-height-default\" data-id=\"1f22e689\" data-element_type=\"section\">\n\t\t\t\t\t\t<div class=\"elementor-container elementor-column-gap-default\">\n\t\t\t\t\t<div class=\"elementor-column elementor-col-100 elementor-top-column elementor-element elementor-element-2b16d24\" data-id=\"2b16d24\" data-element_type=\"column\">\n\t\t\t<div class=\"elementor-widget-wrap elementor-element-populated\">\n\t\t\t\t\t\t<div class=\"elementor-element elementor-element-1d202504 elementor-widget elementor-widget-text-editor\" data-id=\"1d202504\" data-element_type=\"widget\" data-widget_type=\"text-editor.default\">\n\t\t\t\t<div class=\"elementor-widget-container\">\n\t\t\t\t\t\t\t\t\t<div class=\"cli_pg_page_contaner\">\n<h3>Pol\u00edtica de cookies<\/h3>\n<div>Ponemos a disposici\u00f3n del usuario la presente pol\u00edtica de cookies, donde podr\u00e1n encontrar todos los detalles acerca del uso de cookies en nuestra p\u00e1gina web. Aconsejamos a los usuarios que visiten la presente pol\u00edtica de cookies con frecuencia, ya que \u00e9sta puede ser actualizada en cualquier momento.En cualquier momento puede cambiar o retirar su consentimiento de la Declaraci\u00f3n de cookies en nuestro sitio web.Obtenga m\u00e1s informaci\u00f3n sobre qui\u00e9nes somos, c\u00f3mo puede comunicarse con nosotros y c\u00f3mo procesamos los datos personales en nuestra Pol\u00edtica de privacidad.Su consentimiento se aplica a los siguientes dominios: www.piedemonte.com[user_consent_state]<\/div>\n<h3>\u00bfQu\u00e9 es una cookie?<\/h3>\n<div>Una cookie es un peque\u00f1o fichero de texto que se almacena en tu navegador cuando visitas una p\u00e1gina web.Son herramientas que tienen un papel esencial para la prestaci\u00f3n de servicios digitales. Entre otros, permiten a una p\u00e1gina web almacenar y recuperar informaci\u00f3n sobre los h\u00e1bitos de navegaci\u00f3n de un usuario o de su equipo y, dependiendo de la informaci\u00f3n obtenida, se pueden utilizar para reconocer al usuario y mejorar el servicio ofrecido. Sin las cookies, muchas p\u00e1ginas no funcionar\u00e1n correctamente o los servicios ofrecidos se ver\u00e1n mermados.<\/div>\n<h3>\u00bfC\u00f3mo utilizamos las cookies?<\/h3>\n<div>Como la mayor\u00eda de los servicios en l\u00ednea, nuestro sitio web utiliza cookies propias y de terceros para varios prop\u00f3sitos. Las cookies de origen son principalmente necesarias para que el sitio web funcione correctamente y no recopilan ninguno de sus datos de identificaci\u00f3n personal.Las cookies de terceros utilizadas en nuestro sitio web son principalmente para comprender c\u00f3mo funciona el sitio web, c\u00f3mo interact\u00faa con nuestro sitio web, mantener nuestros servicios seguros, proporcionar anuncios que sean relevantes para usted y, en general, brindarle un usuario mejor y mejorado. experiencia y ayude a acelerar sus interacciones futuras con nuestro sitio web.<\/div>\n<h3>\u00bfA qui\u00e9n van dirigidas nuestras cookies?<\/h3>\n<div>Los servicios ofrecidos en esta p\u00e1gina web as\u00ed como los contenidos, est\u00e1n dirigidos a personas mayores de edad, en ning\u00fan caso dentro de nuestro p\u00fablico objetivo se encuentran menores de catorce a\u00f1os. Entendemos que son ellos quienes ser\u00e1n los responsables del uso que cada uno de los diferentes recursos.<\/div>\n<h3>Tipos de Cookies<\/h3>\n<div>1- SEG\u00daN QUI\u00c9N SEA LA ENTIDAD QUE LAS GESTIONE<\/div>\n<div>Seg\u00fan qui\u00e9n sea la entidad que gestione el equipo o dominio desde donde se env\u00edan las cookies y trate los datos que se obtengan, podemos distinguir:<\/div>\n<div>\u00a0<\/div>\n<div>Cookies propias: se env\u00edan al dispositivo del usuario desde un equipo o dominio gestionado por el propietario de la web y desde el que se presta el servicio solicitado por el usuario.<\/div>\n<div>\u00a0<\/div>\n<div>Cookies de tercero: se env\u00edan al dispositivo del usuario desde un equipo o dominio que no es gestionado por el propietario de la web, sino por otra entidad que trata los datos obtenidos trav\u00e9s de las cookies.\u00a0<\/div>\n<div>\u00a0<\/div>\n<div>2- SEG\u00daN EL PLAZO DE TIEMPO QUE PERMANECEN ALMACENADAS EN EL ORDENADOR:<\/div>\n<div>\u00a0<\/div>\n<div>Cookies de sesi\u00f3n:\u00a0son aqu\u00e9llas que recaban y almacenan los datos cuando el usuario accede a la p\u00e1gina web y cesan una vez que el usuario sale de \u00e9sta.<\/div>\n<div>\u00a0<\/div>\n<div>Cookies persistentes: son aqu\u00e9llas que tienen una duraci\u00f3n determinada en el tiempo por el responsable del tratamiento. El tiempo de conservaci\u00f3n puede variar entre unos minutos a varios a\u00f1os. Se utilizan para guardar y recuperar ciertos par\u00e1metros cada vez que el usuario visite la p\u00e1gina web.\u00a0<\/div>\n<div>\u00a0<\/div>\n<div>3- SEG\u00daN LA FINALIDAD:\u00a0<\/div>\n<div>\u00a0<\/div>\n<div>Cookies t\u00e9cnicas: son aqu\u00e9llas imprescindibles y estrictamente necesarias para el correcto funcionamiento de la p\u00e1gina web y utilizar las diferentes opciones o servicios que ofrecemos. Por ejemplo, las que sirven para el mantenimiento de la sesi\u00f3n, la gesti\u00f3n del tiempo de respuesta, rendimiento o validaci\u00f3n de opciones, utilizar elementos de seguridad, compartir contenido con redes sociales, etc.<\/div>\n<div>\u00a0<\/div>\n<div>Cookies de personalizaci\u00f3n:\u00a0son aqu\u00e9llas que permiten que el usuario pueda especificar o personalizar algunas caracter\u00edsticas de la p\u00e1gina web. Por ejemplo, definir el idioma, configuraci\u00f3n regional o tipo de navegador.<\/div>\n<div>\u00a0<\/div>\n<div>Cookies de an\u00e1lisis: son aqu\u00e9llas que nos permiten realizar un seguimiento y an\u00e1lisis del comportamiento del usuario en nuestra p\u00e1gina web para elaborar perfiles de navegaci\u00f3n y poder conocer las preferencias de los usuarios del mismo. Se suelen utilizar para medir la actividad del usuario con el objetivo de mejorar el servicio que le ofrecemos en funci\u00f3n de los resultados que obtenemos. Por ejemplo, mediante una cookie anal\u00edtica se controlar\u00edan las \u00e1reas geogr\u00e1ficas de mayor inter\u00e9s de un usuario, cu\u00e1l es el producto o servicio de m\u00e1s aceptaci\u00f3n, etc.<\/div>\n<div>\u00a0<\/div>\n<div>Cookies publicitarias:son aqu\u00e9llas que nos permiten la gesti\u00f3n de los espacios publicitarios en los sitios web.<\/div>\n<div>\u00a0<\/div>\n<div>Cookies de publicidad comportamental: son aqu\u00e9llas que permiten la gesti\u00f3n de los espacios publicitarios de nuestra p\u00e1gina web. La funci\u00f3n de estas cookies es almacenar informaci\u00f3n del comportamiento de los usuarios en nuestra p\u00e1gina web, para posteriormente mostrar publicidad personalizada.<\/div>\n<div>\u00a0<\/div>\n<div>\u00a0<\/div>\n<h3>\u00bfQu\u00e9 tipos de cookies utilizamos?<\/h3>\n<div>Siguiendo las directrices de la Agencia Espa\u00f1ola de Protecci\u00f3n de Datos procedemos a detallar el uso de cookies\u202fque hace esta web con el fin de informarle con la m\u00e1xima exactitud posible.<\/div>\n<div>\u00a0<\/div>\n<div>Esenciales: algunas cookies son esenciales para que pueda experimentar la funcionalidad completa de nuestro sitio. Nos permiten mantener las sesiones de los usuarios y prevenir cualquier amenaza a la seguridad. No recopilan ni almacenan ninguna informaci\u00f3n personal. Por ejemplo, estas cookies le permiten iniciar sesi\u00f3n en su cuenta y agregar productos a su carrito y realizar el pago de forma segura.<\/div>\n<div>\u00a0<\/div>\n<div>Estad\u00edsticas: estas cookies almacenan informaci\u00f3n como el n\u00famero de visitantes al sitio web, el n\u00famero de visitantes \u00fanicos, qu\u00e9 p\u00e1ginas del sitio web se han visitado, la fuente de la visita, etc. Estos datos nos ayudan a comprender y analizar el rendimiento del sitio web. y donde necesita mejorar.<\/div>\n<div>\u00a0<\/div>\n<div>Marketing: nuestro sitio web muestra anuncios. Estas cookies se utilizan para personalizar los anuncios que le mostramos para que sean significativos para usted. Estas cookies tambi\u00e9n nos ayudan a realizar un seguimiento de la eficiencia de estas campa\u00f1as publicitarias.Los proveedores de publicidad de terceros tambi\u00e9n pueden utilizar la informaci\u00f3n almacenada en estas cookies para mostrarle anuncios en otros sitios web en el navegador.<\/div>\n<div>\u00a0<\/div>\n<div>Funcionales: Son las cookies que ayudan a determinadas funcionalidades no esenciales de nuestro sitio web. Estas funcionalidades incluyen incrustar contenido como videos o compartir contenido del sitio web en plataformas de redes sociales.<\/div>\n<div>\u00a0<\/div>\n<div>Preferencias: estas cookies nos ayudan a almacenar su configuraci\u00f3n y preferencias de navegaci\u00f3n, como las preferencias de idioma, para que tenga una experiencia mejor y m\u00e1s eficiente en futuras visitas al sitio web.<\/div>\n<div>\u00a0<\/div>\n<div>[cookie_audit columns=&#8221;cookie,description&#8221; heading=&#8221;The below list details the cookies used in our website.&#8221;]<\/div>\n<div>\u00a0<\/div>\n<div>\u00a0<\/div>\n<h3>\u00bfC\u00f3mo deshabilitar o eliminar las cookies?<\/h3>\n<div>Puedes restringir, bloquear o borrar las cookies de cualquier p\u00e1gina web, utilizando tu navegador. Puesto que en cada navegador la configuraci\u00f3n es diferente, la funci\u00f3n de \u2018Ayuda\u201d le mostrar\u00e1 c\u00f3mo hacerlo.\u00a0<\/div>\n<div>Te facilitamos enlaces directos con informaci\u00f3n al respecto:<\/div>\n<div>\u00a0<\/div>\n<div>Microsoft Internet Explorer:\u00a0microsoft.com\/es-xl\/internet-explorer\/delete-manage-cookies#ie=\u201die-10<\/div>\n<div>\u00a0<\/div>\n<div>Mozilla FireFox:\u00a0mozilla.org\/es\/kb\/Borrarcookies<\/div>\n<div>\u00a0<\/div>\n<div>Google Chrome:\u00a0http:\/\/support.google.com\/chrome\/answer\/95647?hl=es<\/div>\n<div>\u00a0<\/div>\n<div>Apple Safari:\u00a0apple.com\/es\/privacy\/use-of-cookies<\/div>\n<div>\u00a0<\/div>\n<div>\u00a0<\/div>\n<h3>M\u00e1s informaci\u00f3n<\/h3>\n<div>Ni esta web ni sus representantes legales se hacen responsables ni del contenido ni de la veracidad de las pol\u00edticas de privacidad que puedan tener los terceros mencionados en esta pol\u00edtica de cookies.<\/div>\n<div>\u00a0<\/div>\n<div>Los navegadores web son las herramientas encargadas de almacenar las cookies y desde este lugar debe efectuar su derecho a eliminaci\u00f3n o desactivaci\u00f3n de las mismas. Ni esta web ni sus representantes legales pueden garantizar la correcta o incorrecta manipulaci\u00f3n de las cookies por parte de los mencionados navegadores.<\/div>\n<div>\u00a0<\/div>\n<div>En algunos casos es necesario instalar cookies para que el navegador no olvide su decisi\u00f3n de no aceptaci\u00f3n de las mismas.Para cualquier duda o consulta acerca de esta pol\u00edtica de cookies no dude en comunicarse con nosotros.<\/div>\n<\/div>\n\t\t\t\t\t\t\t\t<\/div>\n\t\t\t\t<\/div>\n\t\t\t\t\t<\/div>\n\t\t<\/div>\n\t\t\t\t\t<\/div>\n\t\t<\/section>\n\t\t\t\t<section class=\"elementor-section elementor-top-section elementor-element elementor-element-70c81cd4 elementor-section-content-middle elementor-section-full_width elementor-section-stretched elementor-section-height-default elementor-section-height-default\" data-id=\"70c81cd4\" data-element_type=\"section\" data-settings=\"{&quot;background_background&quot;:&quot;classic&quot;,&quot;stretch_section&quot;:&quot;section-stretched&quot;,&quot;shape_divider_top&quot;:&quot;pyramids&quot;}\">\n\t\t\t\t\t<div class=\"elementor-shape elementor-shape-top\" aria-hidden=\"true\" data-negative=\"false\">\n\t\t\t<svg xmlns=\"http:\/\/www.w3.org\/2000\/svg\" viewBox=\"0 0 1000 100\" preserveAspectRatio=\"none\">\n\t<path class=\"elementor-shape-fill\" d=\"M761.9,44.1L643.1,27.2L333.8,98L0,3.8V0l1000,0v3.9\"\/>\n<\/svg>\t\t<\/div>\n\t\t\t\t\t<div class=\"elementor-container elementor-column-gap-no\">\n\t\t\t\t\t<div class=\"elementor-column elementor-col-100 elementor-top-column elementor-element elementor-element-3eb4a571\" data-id=\"3eb4a571\" data-element_type=\"column\">\n\t\t\t<div class=\"elementor-widget-wrap elementor-element-populated\">\n\t\t\t\t\t\t<div class=\"elementor-element elementor-element-7149accc elementor-widget__width-inherit animated-slow elementor-invisible elementor-widget elementor-widget-heading\" data-id=\"7149accc\" data-element_type=\"widget\" data-settings=\"{&quot;_animation&quot;:&quot;fadeInDown&quot;}\" data-widget_type=\"heading.default\">\n\t\t\t\t<div class=\"elementor-widget-container\">\n\t\t\t\t\t<h2 class=\"elementor-heading-title elementor-size-default\">sing to recieve our news<\/h2>\t\t\t\t<\/div>\n\t\t\t\t<\/div>\n\t\t\t\t<div class=\"elementor-element elementor-element-284eabf9 animated-slow elementor-invisible elementor-widget elementor-widget-text-editor\" data-id=\"284eabf9\" data-element_type=\"widget\" data-settings=\"{&quot;_animation&quot;:&quot;fadeInDown&quot;}\" data-widget_type=\"text-editor.default\">\n\t\t\t\t<div class=\"elementor-widget-container\">\n\t\t\t\t\t\t\t\t\t<p>If you want to receive our latest news and special offers, subscribe to our newsletter.<\/p>\t\t\t\t\t\t\t\t<\/div>\n\t\t\t\t<\/div>\n\t\t\t\t<div class=\"elementor-element elementor-element-7bf4d27 elementor-button-align-end animated-slow elementor-invisible elementor-widget elementor-widget-form\" data-id=\"7bf4d27\" data-element_type=\"widget\" data-settings=\"{&quot;step_next_label&quot;:&quot;Next&quot;,&quot;step_previous_label&quot;:&quot;Previous&quot;,&quot;_animation&quot;:&quot;fadeInDown&quot;,&quot;button_width&quot;:&quot;100&quot;,&quot;step_type&quot;:&quot;number_text&quot;,&quot;step_icon_shape&quot;:&quot;circle&quot;}\" data-widget_type=\"form.default\">\n\t\t\t\t<div class=\"elementor-widget-container\">\n\t\t\t\t\t\t\t<form class=\"elementor-form\" method=\"post\" name=\"subscription\" aria-label=\"subscription\" novalidate=\"\">\n\t\t\t<input type=\"hidden\" name=\"post_id\" value=\"3349\"\/>\n\t\t\t<input type=\"hidden\" name=\"form_id\" value=\"7bf4d27\"\/>\n\t\t\t<input type=\"hidden\" name=\"referer_title\" value=\"Cookies\" \/>\n\n\t\t\t\t\t\t\t<input type=\"hidden\" name=\"queried_id\" value=\"3349\"\/>\n\t\t\t\n\t\t\t<div class=\"elementor-form-fields-wrapper elementor-labels-\">\n\t\t\t\t\t\t\t\t<div class=\"elementor-field-type-email elementor-field-group elementor-column elementor-field-group-email elementor-col-100 elementor-field-required\">\n\t\t\t\t\t\t\t\t\t\t\t\t<label for=\"form-field-email\" class=\"elementor-field-label elementor-screen-only\">\n\t\t\t\t\t\t\t\tEmail\t\t\t\t\t\t\t<\/label>\n\t\t\t\t\t\t\t\t\t\t\t\t\t\t<input size=\"1\" type=\"email\" name=\"form_fields[email]\" id=\"form-field-email\" class=\"elementor-field elementor-size-sm  elementor-field-textual\" placeholder=\"Email\" required=\"required\">\n\t\t\t\t\t\t\t\t\t\t\t<\/div>\n\t\t\t\t\t\t\t\t<div class=\"elementor-field-type-text elementor-field-group elementor-column elementor-field-group-field_8e47c65 elementor-col-50 elementor-field-required\">\n\t\t\t\t\t\t\t\t\t\t\t\t<label for=\"form-field-field_8e47c65\" class=\"elementor-field-label elementor-screen-only\">\n\t\t\t\t\t\t\t\tName\t\t\t\t\t\t\t<\/label>\n\t\t\t\t\t\t\t\t\t\t\t\t\t\t<input size=\"1\" type=\"text\" name=\"form_fields[field_8e47c65]\" id=\"form-field-field_8e47c65\" class=\"elementor-field elementor-size-sm  elementor-field-textual\" placeholder=\"Name\" required=\"required\">\n\t\t\t\t\t\t\t\t\t\t\t<\/div>\n\t\t\t\t\t\t\t\t<div class=\"elementor-field-type-acceptance elementor-field-group elementor-column elementor-field-group-field_eeca8c5 elementor-col-100 elementor-field-required\">\n\t\t\t\t\t\t\t\t\t\t\t\t<label for=\"form-field-field_eeca8c5\" class=\"elementor-field-label elementor-screen-only\">\n\t\t\t\t\t\t\t\tcheck\t\t\t\t\t\t\t<\/label>\n\t\t\t\t\t\t\t\t<div class=\"elementor-field-subgroup\">\n\t\t\t<span class=\"elementor-field-option\">\n\t\t\t\t<input type=\"checkbox\" name=\"form_fields[field_eeca8c5]\" id=\"form-field-field_eeca8c5\" class=\"elementor-field elementor-size-sm  elementor-acceptance-field\" required=\"required\">\n\t\t\t\t<label for=\"form-field-field_eeca8c5\">I\u00b4ve readed and accepted the <a href= \"https:\/\/www.piedemonte.com\/aviso-legal\/\"> Privacy Policy<\/a>.<\/label>\t\t\t<\/span>\n\t\t<\/div>\n\t\t\t\t\t\t<\/div>\n\t\t\t\t\t\t\t\t<div class=\"elementor-field-type-recaptcha_v3 elementor-field-group elementor-column elementor-field-group-field_b0ed727 elementor-col-100 recaptcha_v3-bottomleft\">\n\t\t\t\t\t<div class=\"elementor-field\" id=\"form-field-field_b0ed727\"><div class=\"elementor-g-recaptcha\" data-sitekey=\"6Lfy7KwgAAAAAPMGgQGPiSRINlqBbA-p9d2temHt\" data-type=\"v3\" data-action=\"Form\" data-badge=\"bottomleft\" data-size=\"invisible\"><\/div><\/div>\t\t\t\t<\/div>\n\t\t\t\t\t\t\t\t<div class=\"elementor-field-group elementor-column elementor-field-type-submit elementor-col-100 e-form__buttons\">\n\t\t\t\t\t<button class=\"elementor-button elementor-size-sm\" type=\"submit\">\n\t\t\t\t\t\t<span class=\"elementor-button-content-wrapper\">\n\t\t\t\t\t\t\t\t\t\t\t\t\t\t\t\t\t\t\t\t\t\t<span class=\"elementor-button-text\">subscribe<\/span>\n\t\t\t\t\t\t\t\t\t\t\t\t\t<\/span>\n\t\t\t\t\t<\/button>\n\t\t\t\t<\/div>\n\t\t\t<\/div>\n\t\t<\/form>\n\t\t\t\t\t\t<\/div>\n\t\t\t\t<\/div>\n\t\t\t\t\t<\/div>\n\t\t<\/div>\n\t\t\t\t\t<\/div>\n\t\t<\/section>\n\t\t\t\t<\/div>\n\t\t","protected":false},"excerpt":{"rendered":"<p>Pol\u00edtica de cookies Ponemos a disposici\u00f3n del usuario la presente pol\u00edtica de cookies, donde podr\u00e1n encontrar todos los detalles acerca del uso de cookies en nuestra p\u00e1gina web. Aconsejamos a los usuarios que visiten la presente pol\u00edtica de cookies con frecuencia, ya que \u00e9sta puede ser actualizada en cualquier momento.En cualquier momento puede cambiar o &#8230; <a title=\"Cookies\" class=\"read-more\" href=\"https:\/\/www.piedemonte.com\/en\/cookies\/\" aria-label=\"Read more about Cookies\">Read more<\/a><\/p>\n","protected":false},"author":1,"featured_media":0,"parent":0,"menu_order":0,"comment_status":"closed","ping_status":"closed","template":"","meta":{"footnotes":""},"class_list":{"0":"post-3349","1":"page","2":"type-page","3":"status-publish","5":"infinite-scroll-item"},"_links":{"self":[{"href":"https:\/\/www.piedemonte.com\/en\/wp-json\/wp\/v2\/pages\/3349","targetHints":{"allow":["GET"]}}],"collection":[{"href":"https:\/\/www.piedemonte.com\/en\/wp-json\/wp\/v2\/pages"}],"about":[{"href":"https:\/\/www.piedemonte.com\/en\/wp-json\/wp\/v2\/types\/page"}],"author":[{"embeddable":true,"href":"https:\/\/www.piedemonte.com\/en\/wp-json\/wp\/v2\/users\/1"}],"replies":[{"embeddable":true,"href":"https:\/\/www.piedemonte.com\/en\/wp-json\/wp\/v2\/comments?post=3349"}],"version-history":[{"count":0,"href":"https:\/\/www.piedemonte.com\/en\/wp-json\/wp\/v2\/pages\/3349\/revisions"}],"wp:attachment":[{"href":"https:\/\/www.piedemonte.com\/en\/wp-json\/wp\/v2\/media?parent=3349"}],"curies":[{"name":"wp","href":"https:\/\/api.w.org\/{rel}","templated":true}]}}